{"id":67,"date":"2024-02-16T22:41:40","date_gmt":"2024-02-16T21:41:40","guid":{"rendered":"https:\/\/laplumedescimes.com\/?page_id=67"},"modified":"2024-02-20T21:22:06","modified_gmt":"2024-02-20T20:22:06","slug":"redaction","status":"publish","type":"page","link":"https:\/\/laplumedescimes.com\/index.php\/redaction\/","title":{"rendered":"R\u00e9daction"},"content":{"rendered":"\n<div class=\"wp-block-columns is-layout-flex wp-container-core-columns-is-layout-9d6595d7 wp-block-columns-is-layout-flex\">\n<div class=\"wp-block-column is-layout-flow wp-block-column-is-layout-flow\">\n<h2 class=\"wp-block-heading has-large-font-size\">Pourquoi la r\u00e9daction ?<\/h2>\n\n\n\n<p>Mettre des mots sur des pens\u00e9es m&#8217;a toujours passionn\u00e9e. Il est d&#8217;ailleurs parfois plus simple de s&#8217;exprimer par \u00e9crit que par oral ! C&#8217;est aussi une occasion r\u00eav\u00e9e de faire passer des messages. C&#8217;est pourquoi, apr\u00e8s un Bac \u00c9conomique et Social, j&#8217;ai d\u00e9cid\u00e9 de me tourner vers une CPGE litt\u00e9raire. En parall\u00e8le de mes ann\u00e9es d&#8217;Hypokh\u00e2gne et de Kh\u00e2gne, je travaillais au Dauphin\u00e9 Lib\u00e9r\u00e9 en tant que Correspondante Locale de Presse. L&#8217;occasion de r\u00e9diger sur des sujets divers et vari\u00e9s, tout en apprenant les codes de l&#8217;\u00e9criture journalistique.<\/p>\n\n\n\n<p>Par la suite, j&#8217;ai eu l&#8217;occasion de me tourner vers la r\u00e9daction web SEO. Une nouvelle aventure riche et qui m&#8217;a permis d&#8217;acqu\u00e9rir de nouvelles comp\u00e9tences, tout en r\u00e9digeant sur des sujets divers et vari\u00e9s. L&#8217;occasion aussi, d&#8217;enrichir ma culture g\u00e9n\u00e9rale et d&#8217;apprendre \u00e0 produire un contenu engageant \u00e0 la fois pour vos clients, mais aussi pour les moteurs de recherche.<\/p>\n<\/div>\n<\/div>\n\n\n\n<h2 class=\"wp-block-heading has-large-font-size\">Mes domaines d&#8217;expertise<\/h2>\n\n\n\n<p class=\"has-normal-font-size\">Tourisme, animaux, sport, de nombreux sujets m&#8217;int\u00e9ressent dans la r\u00e9daction, n&#8217;attendez plus pour d\u00e9couvrir mes domaines d&#8217;expertise. Nous pourrons ainsi \u00e9changer sur les sujets qui vous tiennent \u00e0 c\u0153ur, de fa\u00e7on \u00e0 r\u00e9fl\u00e9chir ensemble \u00e0 une strat\u00e9gie vous permettant de vous d\u00e9marquer.  <\/p>\n\n\n\n<div class=\"wp-block-buttons is-layout-flex wp-block-buttons-is-layout-flex\">\n<div class=\"wp-block-button\"><a class=\"wp-block-button__link has-text-align-center wp-element-button\" href=\"https:\/\/laplumedescimes.com\/index.php\/redaction\/domaines-dexpertise\/\">En savoir plus <\/a><\/div>\n<\/div>\n","protected":false},"excerpt":{"rendered":"<p>Pourquoi la r\u00e9daction ? Mettre des mots sur des pens\u00e9es m&#8217;a toujours passionn\u00e9e. Il est d&#8217;ailleurs parfois plus simple de s&#8217;exprimer par \u00e9crit que par &hellip;<\/p>\n","protected":false},"author":1,"featured_media":82,"parent":0,"menu_order":0,"comment_status":"closed","ping_status":"closed","template":"","meta":{"om_disable_all_campaigns":false,"_monsterinsights_skip_tracking":false,"_monsterinsights_sitenote_active":false,"_monsterinsights_sitenote_note":"","_monsterinsights_sitenote_category":0,"_uf_show_specific_survey":0,"_uf_disable_surveys":false,"footnotes":""},"class_list":["post-67","page","type-page","status-publish","has-post-thumbnail","hentry"],"aioseo_notices":[],"_links":{"self":[{"href":"https:\/\/laplumedescimes.com\/index.php\/wp-json\/wp\/v2\/pages\/67","targetHints":{"allow":["GET"]}}],"collection":[{"href":"https:\/\/laplumedescimes.com\/index.php\/wp-json\/wp\/v2\/pages"}],"about":[{"href":"https:\/\/laplumedescimes.com\/index.php\/wp-json\/wp\/v2\/types\/page"}],"author":[{"embeddable":true,"href":"https:\/\/laplumedescimes.com\/index.php\/wp-json\/wp\/v2\/users\/1"}],"replies":[{"embeddable":true,"href":"https:\/\/laplumedescimes.com\/index.php\/wp-json\/wp\/v2\/comments?post=67"}],"version-history":[{"count":22,"href":"https:\/\/laplumedescimes.com\/index.php\/wp-json\/wp\/v2\/pages\/67\/revisions"}],"predecessor-version":[{"id":135,"href":"https:\/\/laplumedescimes.com\/index.php\/wp-json\/wp\/v2\/pages\/67\/revisions\/135"}],"wp:featuredmedia":[{"embeddable":true,"href":"https:\/\/laplumedescimes.com\/index.php\/wp-json\/wp\/v2\/media\/82"}],"wp:attachment":[{"href":"https:\/\/laplumedescimes.com\/index.php\/wp-json\/wp\/v2\/media?parent=67"}],"curies":[{"name":"wp","href":"https:\/\/api.w.org\/{rel}","templated":true}]}}