{"id":394,"date":"2024-06-12T14:52:26","date_gmt":"2024-06-12T12:52:26","guid":{"rendered":"https:\/\/laplumedescimes.com\/?page_id=394"},"modified":"2024-11-26T17:17:25","modified_gmt":"2024-11-26T16:17:25","slug":"cartes-cadeaux","status":"publish","type":"page","link":"https:\/\/laplumedescimes.com\/index.php\/cartes-cadeaux\/","title":{"rendered":"Cartes Cadeaux La Plume des Cimes"},"content":{"rendered":"\n<h2 class=\"wp-block-heading alignfull\">Et si vous offriez une s\u00e9ance photo \u00e0 vos proches ?<\/h2>\n\n\n\n<div style=\"height:50px\" aria-hidden=\"true\" class=\"wp-block-spacer\"><\/div>\n\n\n<div class=\"wp-block-image\">\n<figure class=\"aligncenter size-large is-resized\"><img loading=\"lazy\" decoding=\"async\" width=\"1024\" height=\"726\" src=\"http:\/\/laplumedescimes.com\/wp-content\/uploads\/2024\/06\/2_1-1024x726.jpg\" alt=\"Tempo Carte Cadeau \u00a9 La Plume des Cimes\" class=\"wp-image-399\" style=\"width:573px;height:auto\" srcset=\"https:\/\/laplumedescimes.com\/wp-content\/uploads\/2024\/06\/2_1-1024x726.jpg 1024w, https:\/\/laplumedescimes.com\/wp-content\/uploads\/2024\/06\/2_1-300x213.jpg 300w, https:\/\/laplumedescimes.com\/wp-content\/uploads\/2024\/06\/2_1-768x545.jpg 768w, https:\/\/laplumedescimes.com\/wp-content\/uploads\/2024\/06\/2_1-1536x1090.jpg 1536w, https:\/\/laplumedescimes.com\/wp-content\/uploads\/2024\/06\/2_1-423x300.jpg 423w, https:\/\/laplumedescimes.com\/wp-content\/uploads\/2024\/06\/2_1.jpg 1748w\" sizes=\"auto, (max-width: 1024px) 100vw, 1024px\" \/><\/figure>\n<\/div>\n\n\n<div style=\"height:50px\" aria-hidden=\"true\" class=\"wp-block-spacer\"><\/div>\n\n\n\n<div class=\"wp-block-columns is-layout-flex wp-container-core-columns-is-layout-9d6595d7 wp-block-columns-is-layout-flex\">\n<div class=\"wp-block-column is-layout-flow wp-block-column-is-layout-flow\">\n<p class=\"has-text-align-center\"><em><strong>Pourquoi offrir une carte cadeau La Plume des Cimes ?<\/strong><\/em><\/p>\n\n\n\n<ol start=\"1\" class=\"wp-block-list\">\n<li><strong>Une carte cadeau personnalisable&nbsp;:<\/strong> c\u2019est \u00e0 vous de d\u00e9finir l\u2019offre qui correspondra le mieux \u00e0 votre proche et \u00e0 son animal. Ajoutez-y les frais de d\u00e9placement au-del\u00e0 de 20km autour des Olli\u00e8res (74), le tirage de photos ou l&#8217;impression d&#8217;un tableau.<\/li>\n\n\n\n<li><strong>Des photos en suppl\u00e9ment :<\/strong> si votre proche souhaite prendre des photos en plus dans sa galerie, c&#8217;est possible. Applicable selon le tarif valable sur la formule de base.<\/li>\n\n\n\n<li><strong>Un cadeau inoubliable :<\/strong> offrir une carte cadeau La Plume des Cimes, c&#8217;est assurer votre proche de cr\u00e9er des souvenirs avec son animal qui le suivront toute la vie !<\/li>\n\n\n\n<li><strong>Une dur\u00e9e de validit\u00e9 d&#8217;un an :<\/strong> une carte cadeau est valable un an \u00e0 partir du moment o\u00f9 celle-ci a \u00e9t\u00e9 achet\u00e9e. Cela laisse le temps \u00e0 votre proche d&#8217;anticiper au mieux le moment o\u00f9 il souhaitera r\u00e9aliser sa s\u00e9ance !<\/li>\n<\/ol>\n<\/div>\n<\/div>\n\n\n<div class=\"wp-block-image\">\n<figure class=\"aligncenter size-full is-resized\"><img loading=\"lazy\" decoding=\"async\" width=\"500\" height=\"500\" src=\"https:\/\/laplumedescimes.com\/wp-content\/uploads\/2024\/06\/La-Plume-des-Cimes.png\" alt=\"\" class=\"wp-image-409\" style=\"width:286px;height:auto\" srcset=\"https:\/\/laplumedescimes.com\/wp-content\/uploads\/2024\/06\/La-Plume-des-Cimes.png 500w, https:\/\/laplumedescimes.com\/wp-content\/uploads\/2024\/06\/La-Plume-des-Cimes-300x300.png 300w, https:\/\/laplumedescimes.com\/wp-content\/uploads\/2024\/06\/La-Plume-des-Cimes-150x150.png 150w\" sizes=\"auto, (max-width: 500px) 100vw, 500px\" \/><\/figure>\n<\/div>\n\n\n<div class=\"wp-block-columns is-layout-flex wp-container-core-columns-is-layout-9d6595d7 wp-block-columns-is-layout-flex\">\n<div class=\"wp-block-column is-layout-flow wp-block-column-is-layout-flow\">\n<figure class=\"wp-block-image size-large is-resized\"><img loading=\"lazy\" decoding=\"async\" width=\"1024\" height=\"726\" src=\"http:\/\/laplumedescimes.com\/wp-content\/uploads\/2024\/06\/5-1024x726.jpg\" alt=\"Carte Cadeau Honey \u00a9 La Plume des Cimes\" class=\"wp-image-401\" style=\"width:615px;height:auto\" srcset=\"https:\/\/laplumedescimes.com\/wp-content\/uploads\/2024\/06\/5-1024x726.jpg 1024w, https:\/\/laplumedescimes.com\/wp-content\/uploads\/2024\/06\/5-300x213.jpg 300w, https:\/\/laplumedescimes.com\/wp-content\/uploads\/2024\/06\/5-768x545.jpg 768w, https:\/\/laplumedescimes.com\/wp-content\/uploads\/2024\/06\/5-1536x1090.jpg 1536w, https:\/\/laplumedescimes.com\/wp-content\/uploads\/2024\/06\/5-423x300.jpg 423w, https:\/\/laplumedescimes.com\/wp-content\/uploads\/2024\/06\/5.jpg 1748w\" sizes=\"auto, (max-width: 1024px) 100vw, 1024px\" \/><\/figure>\n<\/div>\n\n\n\n<div class=\"wp-block-column is-layout-flow wp-block-column-is-layout-flow\">\n<p style=\"text-align: center;\"><em><b>Comment acheter une carte cadeau La Plume des Cimes ?<\/b><\/em><\/p>\n<\/p>\n\n\n\n<\/p>\n<p>Pour acheter une carte cadeau, merci de me contacter par mail \u00e0 : <a href=\"mailto:laplumedescimes@outlook.fr\">laplumedescimes@outlook.fr<\/a> ou via les r\u00e9seaux sociaux : <a href=\"https:\/\/www.instagram.com\/laplumedescimes\/?hl=fr\">Instagram<\/a>\u00a0\/ <a href=\"https:\/\/www.facebook.com\/profile.php?id=61558414342726&amp;locale=fr_FR\">Facebook<\/a>.<\/p>\n<p>Vous pourrez ensuite choisir entre 3 formules : <strong>Cimes, N\u00e9v\u00e9 et Plume <\/strong>(<a href=\"https:\/\/laplumedescimes.com\/index.php\/about\/votre-animal-vous\/\">voir tarifs<\/a>).<\/p>\n<p>Choisissez le mode d&#8217;exp\u00e9dition que vous souhaitez : une carte cadeau par voie<br \/>\u00e9lectronique ou une exp\u00e9dition par voie postale.<\/p>\n<p>\n<\/div>\n<\/div>\n\n\n<p><!-- \/wp:post-content --><\/p>\n<p><!-- wp:columns --><\/p>\n<div class=\"wp-block-columns\"><!-- wp:column -->\n<div class=\"wp-block-column\"><!-- wp:paragraph {\"align\":\"left\"} -->\n<p class=\"has-text-align-left\"><strong>Attention :<\/strong> <em>si vous ne r\u00e9glez pas de frais de d\u00e9placement, la s\u00e9ance se d\u00e9roulera dans un p\u00e9rim\u00e8tre de 20km autour des Olli\u00e8res (74). Au-del\u00e0, un suppl\u00e9ment de 0,20\u20ac sera appliqu\u00e9 par kilom\u00e8tre. <br \/><em>En cas d&#8217;envoi de la carte cadeau par voie postale, compter un d\u00e9lai suppl\u00e9mentaire. Pensez-donc \u00e0 faire votre commande suffisamment en amont. Un suppl\u00e9ment de 10\u20ac sera alors appliqu\u00e9 sur la facture totale.<\/em><\/em><\/p>\n<p><!-- \/wp:paragraph --><\/p>\n<\/div>\n<p><!-- \/wp:column --><\/p>\n<\/div>\n<p><!-- \/wp:columns --><\/p>\n<p><!-- wp:image {\"id\":409,\"width\":\"286px\",\"height\":\"auto\",\"sizeSlug\":\"full\",\"linkDestination\":\"none\",\"align\":\"center\"} --><\/p>\n<figure class=\"wp-block-image aligncenter size-full is-resized\"><img loading=\"lazy\" decoding=\"async\" width=\"500\" height=\"500\" class=\"wp-image-409\" style=\"width: 286px; height: auto;\" src=\"https:\/\/laplumedescimes.com\/wp-content\/uploads\/2024\/06\/La-Plume-des-Cimes.png\" alt=\"\" srcset=\"https:\/\/laplumedescimes.com\/wp-content\/uploads\/2024\/06\/La-Plume-des-Cimes.png 500w, https:\/\/laplumedescimes.com\/wp-content\/uploads\/2024\/06\/La-Plume-des-Cimes-300x300.png 300w, https:\/\/laplumedescimes.com\/wp-content\/uploads\/2024\/06\/La-Plume-des-Cimes-150x150.png 150w\" sizes=\"auto, (max-width: 500px) 100vw, 500px\" \/><\/figure>\n<p><!-- \/wp:image --><\/p>\n<p><!-- wp:columns {\"align\":\"full\"} --><\/p>\n<div class=\"wp-block-columns alignfull\"><!-- wp:column -->\n<div class=\"wp-block-column\"><!-- wp:image {\"id\":402,\"sizeSlug\":\"large\",\"linkDestination\":\"none\"} -->\n<figure class=\"wp-block-image size-large\"><img loading=\"lazy\" decoding=\"async\" width=\"1024\" height=\"726\" class=\"wp-image-402\" src=\"http:\/\/laplumedescimes.com\/wp-content\/uploads\/2024\/06\/8-1024x726.jpg\" alt=\"Carte cadeau Sushi \u00a9 La Plume des Cimes\" srcset=\"https:\/\/laplumedescimes.com\/wp-content\/uploads\/2024\/06\/8-1024x726.jpg 1024w, https:\/\/laplumedescimes.com\/wp-content\/uploads\/2024\/06\/8-300x213.jpg 300w, https:\/\/laplumedescimes.com\/wp-content\/uploads\/2024\/06\/8-768x545.jpg 768w, https:\/\/laplumedescimes.com\/wp-content\/uploads\/2024\/06\/8-1536x1090.jpg 1536w, https:\/\/laplumedescimes.com\/wp-content\/uploads\/2024\/06\/8-423x300.jpg 423w, https:\/\/laplumedescimes.com\/wp-content\/uploads\/2024\/06\/8.jpg 1748w\" sizes=\"auto, (max-width: 1024px) 100vw, 1024px\" \/><\/figure>\n<p><!-- \/wp:image --><\/p>\n<\/div>\n<p><!-- \/wp:column --><\/p>\n<div class=\"wp-block-column\">\n<p class=\"has-text-align-center\"><strong><em>Conditions g\u00e9n\u00e9rales de vente pour une carte cadeau<\/em><\/strong><\/p>\n<p><!-- \/wp:columns --><\/p>\n<p><!-- wp:list {\"ordered\":true,\"start\":1} --><\/p>\n<ol start=\"1\">\n<li style=\"list-style-type: none;\">\n<ol start=\"1\"><!-- wp:list-item -->\n<li>Le ch\u00e8que-cadeau n&#8217;est pas \u00e9changeable contre de l&#8217;argent.<\/li>\n<li>Le ch\u00e8que-cadeau est non transf\u00e9rable et sa revente est interdite.<\/li>\n<li>Si un ch\u00e8que-cadeau est perdu, vol\u00e9, d\u00e9truit ou utilis\u00e9 sans autorisation, aucun remplacement ne sera fourni dans ces circonstances.<\/li>\n<li>Le ch\u00e8que-cadeau ne doit pas \u00eatre combin\u00e9 avec d&#8217;autres coupons et n&#8217;est pas valable avec d&#8217;autres offres ou promotions.<\/li>\n<li>En cas de mauvais temps, la s\u00e9ance est report\u00e9e sans frais suppl\u00e9mentaires et ce, m\u00eame si la carte cadeau arrive \u00e0 expiration.<\/li>\n<li>Si le rendez-vous donn\u00e9 pour la s\u00e9ance n&#8217;est pas honor\u00e9, aucun report ni remboursement n&#8217;est possible.<\/li>\n<\/ol>\n<\/li>\n<\/ol>\n<p><!-- \/wp:list-item --><\/p>\n<p><!-- wp:list-item --><\/p>\n<ol start=\"1\">\n<li style=\"list-style-type: none;\">\u00a0<\/li>\n<\/ol>\n<p><!-- \/wp:list-item --><\/p>\n<p><!-- wp:list-item --><\/p>\n<ol start=\"1\">\n<li style=\"list-style-type: none;\">\u00a0<\/li>\n<\/ol>\n<p><!-- \/wp:list-item --><\/p>\n<p><!-- wp:list-item --><\/p>\n<ol start=\"1\">\n<li style=\"list-style-type: none;\">\u00a0<\/li>\n<\/ol>\n<p><!-- \/wp:list-item --><\/p>\n<p><!-- wp:list-item --><\/p>\n<ol start=\"1\">\n<li style=\"list-style-type: none;\">\u00a0<\/li>\n<\/ol>\n<p><!-- \/wp:list-item --><\/p>\n<p><!-- wp:list-item --><\/p>\n<ol start=\"1\">\n<li style=\"list-style-type: none;\">\u00a0<\/li>\n<\/ol>\n<p><!-- \/wp:list-item --><\/p>\n<p><!-- \/wp:list --><\/p>\n<\/div>\n<p><!-- \/wp:column --><\/p>\n<\/div>\n<p><!-- \/wp:columns --><\/p>\n<p><!-- wp:spacer --><\/p>\n<div class=\"wp-block-spacer\" style=\"height: 100px;\" aria-hidden=\"true\">\u00a0<\/div>\n<p><!-- \/wp:spacer --><\/p>\n<p><!-- wp:columns --><\/p>\n<div class=\"wp-block-columns\"><!-- wp:column {\"width\":\"33.33%\"} -->\n<div class=\"wp-block-column\" style=\"flex-basis: 33.33%;\"><!-- wp:buttons -->\n<div class=\"wp-block-buttons\"><!-- wp:button -->\n<div class=\"wp-block-button\"><a class=\"wp-block-button__link wp-element-button\" href=\"mailto:laplumedescimes@outlook.fr\">Commandez votre Carte Cadeau<\/a><\/div>\n<p><!-- \/wp:button --><\/p>\n<\/div>\n<p><!-- \/wp:buttons --><\/p>\n<\/div>\n<p><!-- \/wp:column --><\/p>\n<p><!-- wp:column {\"width\":\"66.66%\"} --><\/p>\n<div class=\"wp-block-column\" style=\"flex-basis: 66.66%;\">\u00a0<\/div>\n<p><!-- \/wp:column --><\/p>\n<\/div>\n<p><!-- \/wp:columns --><\/p>","protected":false},"excerpt":{"rendered":"<p>Et si vous offriez une s\u00e9ance photo \u00e0 vos proches ? Pourquoi offrir une carte cadeau La Plume des Cimes ? Comment acheter une carte &hellip;<\/p>\n","protected":false},"author":1,"featured_media":387,"parent":0,"menu_order":0,"comment_status":"closed","ping_status":"closed","template":"","meta":{"om_disable_all_campaigns":false,"_monsterinsights_skip_tracking":false,"_monsterinsights_sitenote_active":false,"_monsterinsights_sitenote_note":"","_monsterinsights_sitenote_category":0,"_uf_show_specific_survey":0,"_uf_disable_surveys":false,"footnotes":""},"class_list":["post-394","page","type-page","status-publish","has-post-thumbnail","hentry"],"aioseo_notices":[],"_links":{"self":[{"href":"https:\/\/laplumedescimes.com\/index.php\/wp-json\/wp\/v2\/pages\/394","targetHints":{"allow":["GET"]}}],"collection":[{"href":"https:\/\/laplumedescimes.com\/index.php\/wp-json\/wp\/v2\/pages"}],"about":[{"href":"https:\/\/laplumedescimes.com\/index.php\/wp-json\/wp\/v2\/types\/page"}],"author":[{"embeddable":true,"href":"https:\/\/laplumedescimes.com\/index.php\/wp-json\/wp\/v2\/users\/1"}],"replies":[{"embeddable":true,"href":"https:\/\/laplumedescimes.com\/index.php\/wp-json\/wp\/v2\/comments?post=394"}],"version-history":[{"count":29,"href":"https:\/\/laplumedescimes.com\/index.php\/wp-json\/wp\/v2\/pages\/394\/revisions"}],"predecessor-version":[{"id":497,"href":"https:\/\/laplumedescimes.com\/index.php\/wp-json\/wp\/v2\/pages\/394\/revisions\/497"}],"wp:featuredmedia":[{"embeddable":true,"href":"https:\/\/laplumedescimes.com\/index.php\/wp-json\/wp\/v2\/media\/387"}],"wp:attachment":[{"href":"https:\/\/laplumedescimes.com\/index.php\/wp-json\/wp\/v2\/media?parent=394"}],"curies":[{"name":"wp","href":"https:\/\/api.w.org\/{rel}","templated":true}]}}