{"id":215,"date":"2024-03-20T21:35:08","date_gmt":"2024-03-20T20:35:08","guid":{"rendered":"https:\/\/laplumedescimes.com\/?page_id=215"},"modified":"2025-06-27T16:40:21","modified_gmt":"2025-06-27T14:40:21","slug":"votre-animal-vous","status":"publish","type":"page","link":"https:\/\/laplumedescimes.com\/index.php\/about\/votre-animal-vous\/","title":{"rendered":"Informations &amp; Tarifs"},"content":{"rendered":"\n<h2 class=\"wp-block-heading\">S\u00e9ances photos<\/h2>\n\n\n\n<div class=\"wp-block-columns is-layout-flex wp-container-core-columns-is-layout-9d6595d7 wp-block-columns-is-layout-flex\">\n<div class=\"wp-block-column is-layout-flow wp-block-column-is-layout-flow\" style=\"flex-basis:66.66%\">\n<p><strong>Si :<br><\/strong>\u2728 Tu es un amoureux des animaux et que tu en as un ou plusieurs (chien, chat, cheval ou autre)<br>\u2728 Ton animal est ce que tu as de plus pr\u00e9cieux<br>\u2728 Ton t\u00e9l\u00e9phone est rempli de photos de ton compagnon \u00e0 quatre pattes<\/p>\n<\/div>\n\n\n\n<div class=\"wp-block-column is-layout-flow wp-block-column-is-layout-flow\" style=\"flex-basis:33.33%\">\n<figure class=\"wp-block-image size-large\"><img loading=\"lazy\" decoding=\"async\" width=\"1024\" height=\"724\" src=\"https:\/\/laplumedescimes.com\/wp-content\/uploads\/2024\/06\/Certificat-PetBook-Academy-Marine-Pitteloud-Photographie-animaliere-1024x724.jpg\" alt=\"\" class=\"wp-image-447\" srcset=\"https:\/\/laplumedescimes.com\/wp-content\/uploads\/2024\/06\/Certificat-PetBook-Academy-Marine-Pitteloud-Photographie-animaliere-1024x724.jpg 1024w, https:\/\/laplumedescimes.com\/wp-content\/uploads\/2024\/06\/Certificat-PetBook-Academy-Marine-Pitteloud-Photographie-animaliere-300x212.jpg 300w, https:\/\/laplumedescimes.com\/wp-content\/uploads\/2024\/06\/Certificat-PetBook-Academy-Marine-Pitteloud-Photographie-animaliere-768x543.jpg 768w, https:\/\/laplumedescimes.com\/wp-content\/uploads\/2024\/06\/Certificat-PetBook-Academy-Marine-Pitteloud-Photographie-animaliere-1536x1086.jpg 1536w, https:\/\/laplumedescimes.com\/wp-content\/uploads\/2024\/06\/Certificat-PetBook-Academy-Marine-Pitteloud-Photographie-animaliere-424x300.jpg 424w, https:\/\/laplumedescimes.com\/wp-content\/uploads\/2024\/06\/Certificat-PetBook-Academy-Marine-Pitteloud-Photographie-animaliere.jpg 2000w\" sizes=\"auto, (max-width: 1024px) 100vw, 1024px\" \/><\/figure>\n<\/div>\n<\/div>\n\n\n\n<div style=\"height:57px\" aria-hidden=\"true\" class=\"wp-block-spacer\"><\/div>\n\n\n\n<p class=\"has-text-align-center has-large-font-size\"><strong>\u3030\ufe0f Alors tu es l\u00e0 o\u00f9 il faut \u3030\ufe0f<br><\/strong>\u00ab&nbsp;Je guide les parents de poilus pour leur faire vivre une exp\u00e9rience unique en montagne \ud83c\udfd4\ufe0f&nbsp;\u00bb<\/p>\n\n\n\n<div class=\"wp-block-columns is-layout-flex wp-container-core-columns-is-layout-9d6595d7 wp-block-columns-is-layout-flex\">\n<div class=\"wp-block-column is-layout-flow wp-block-column-is-layout-flow\">\n<figure class=\"wp-block-image size-large\"><img loading=\"lazy\" decoding=\"async\" width=\"576\" height=\"1024\" src=\"https:\/\/laplumedescimes.com\/wp-content\/uploads\/2024\/11\/Tarifs-2-576x1024.jpg\" alt=\"\" class=\"wp-image-493\" srcset=\"https:\/\/laplumedescimes.com\/wp-content\/uploads\/2024\/11\/Tarifs-2-576x1024.jpg 576w, https:\/\/laplumedescimes.com\/wp-content\/uploads\/2024\/11\/Tarifs-2-169x300.jpg 169w, https:\/\/laplumedescimes.com\/wp-content\/uploads\/2024\/11\/Tarifs-2-768x1365.jpg 768w, https:\/\/laplumedescimes.com\/wp-content\/uploads\/2024\/11\/Tarifs-2-864x1536.jpg 864w, https:\/\/laplumedescimes.com\/wp-content\/uploads\/2024\/11\/Tarifs-2.jpg 1080w\" sizes=\"auto, (max-width: 576px) 100vw, 576px\" \/><\/figure>\n<\/div>\n\n\n\n<div class=\"wp-block-column is-layout-flow wp-block-column-is-layout-flow\">\n<h3 class=\"wp-block-heading has-text-align-center\"><mark style=\"background-color:rgba(0, 0, 0, 0)\" class=\"has-inline-color has-sitetext-color\">En Amont de la S\u00e9ance<\/mark><\/h3>\n\n\n\n<p>Afin de pr\u00e9parer au mieux la s\u00e9ance, je te transmettrai guide comportant diverses informations qui te serviront le jour J.<\/p>\n\n\n\n<p>Je t&#8217;enverrai un questionnaire par mail, afin de mieux conna\u00eetre ta boule de poils. <\/p>\n\n\n\n<p>Nous \u00e9changerons \u00e9galement par t\u00e9l\u00e9phone, afin que nous ciblions ensemble tes attendus. <\/p>\n\n\n<div class=\"wp-block-image\">\n<figure class=\"aligncenter size-large is-resized\"><img loading=\"lazy\" decoding=\"async\" width=\"1024\" height=\"1024\" src=\"http:\/\/laplumedescimes.com\/wp-content\/uploads\/2024\/03\/Beige-Wedding-Photography-Price-List-Instagram-Post-12-1024x1024.png\" alt=\"\u00a9 La Plume des Cimes\" class=\"wp-image-291\" style=\"width:129px;height:auto\" srcset=\"https:\/\/laplumedescimes.com\/wp-content\/uploads\/2024\/03\/Beige-Wedding-Photography-Price-List-Instagram-Post-12-1024x1024.png 1024w, https:\/\/laplumedescimes.com\/wp-content\/uploads\/2024\/03\/Beige-Wedding-Photography-Price-List-Instagram-Post-12-300x300.png 300w, https:\/\/laplumedescimes.com\/wp-content\/uploads\/2024\/03\/Beige-Wedding-Photography-Price-List-Instagram-Post-12-150x150.png 150w, https:\/\/laplumedescimes.com\/wp-content\/uploads\/2024\/03\/Beige-Wedding-Photography-Price-List-Instagram-Post-12-768x768.png 768w, https:\/\/laplumedescimes.com\/wp-content\/uploads\/2024\/03\/Beige-Wedding-Photography-Price-List-Instagram-Post-12-1536x1536.png 1536w, https:\/\/laplumedescimes.com\/wp-content\/uploads\/2024\/03\/Beige-Wedding-Photography-Price-List-Instagram-Post-12-2048x2048.png 2048w\" sizes=\"auto, (max-width: 1024px) 100vw, 1024px\" \/><\/figure>\n<\/div>\n\n\n<div class=\"wp-block-group alignfull has-text-color has-background\" style=\"color:#000000;background-color:#ffffff\"><div class=\"wp-block-group__inner-container is-layout-flow wp-block-group-is-layout-flow\">\n<div class=\"wp-block-buttons is-horizontal is-content-justification-center is-layout-flex wp-container-core-buttons-is-layout-499968f5 wp-block-buttons-is-layout-flex\">\n<div class=\"wp-block-button has-custom-width wp-block-button__width-75 is-style-fill\"><a class=\"wp-block-button__link has-text-color has-background has-text-align-center wp-element-button\" href=\"https:\/\/laplumedescimes.com\/index.php\/contact-2\/\" style=\"border-radius:50px;color:#694d32;background-color:#d6bfa9\"><strong>R\u00e9serves Ta S\u00e9ance<\/strong><\/a><\/div>\n<\/div>\n\n\n\n<div style=\"height:64px\" aria-hidden=\"true\" class=\"wp-block-spacer\"><\/div>\n<\/div><\/div>\n<\/div>\n\n\n\n<div class=\"wp-block-column is-layout-flow wp-block-column-is-layout-flow\"><\/div>\n<\/div>\n\n\n\n<h3 class=\"wp-block-heading\">Pendant la S\u00e9ance<\/h3>\n\n\n\n<p>La s\u00e9ance sera pens\u00e9e en fonction de notre \u00e9change, notamment pour ce qui est du lieu. Bord de lac, for\u00eat, montagne, les possibilit\u00e9s sont nombreuses autour d&#8217;Annecy ! Bien s\u00fbr, le bien-\u00eatre de ton animal passera avant tout. Nous adapterons donc la s\u00e9ance en fonction de lui et en fonction de sa disponibilit\u00e9.<\/p>\n\n\n\n<p>Et si tu veux poser avec ton compagnon de route, c&#8217;est possible aussi. L&#8217;id\u00e9e restant de capturer des moments de complicit\u00e9 !<\/p>\n\n\n\n<p><em>Si ton animal est dans sa premi\u00e8re ann\u00e9e, je te donne rendez-vous sur la formule <strong>Plume<\/strong> \ud83e\udeb6<\/em><\/p>\n\n\n\n<p><br><\/p>\n\n\n\n<div class=\"wp-block-columns is-layout-flex wp-container-core-columns-is-layout-9d6595d7 wp-block-columns-is-layout-flex\">\n<div class=\"wp-block-column is-layout-flow wp-block-column-is-layout-flow\"><\/div>\n\n\n\n<div class=\"wp-block-column is-layout-flow wp-block-column-is-layout-flow\">\n<figure class=\"wp-block-image size-large\"><img loading=\"lazy\" decoding=\"async\" width=\"1024\" height=\"1024\" src=\"http:\/\/laplumedescimes.com\/wp-content\/uploads\/2024\/03\/Beige-Wedding-Photography-Price-List-Instagram-Post-10-1024x1024.png\" alt=\"\" class=\"wp-image-285\" srcset=\"https:\/\/laplumedescimes.com\/wp-content\/uploads\/2024\/03\/Beige-Wedding-Photography-Price-List-Instagram-Post-10-1024x1024.png 1024w, https:\/\/laplumedescimes.com\/wp-content\/uploads\/2024\/03\/Beige-Wedding-Photography-Price-List-Instagram-Post-10-300x300.png 300w, https:\/\/laplumedescimes.com\/wp-content\/uploads\/2024\/03\/Beige-Wedding-Photography-Price-List-Instagram-Post-10-150x150.png 150w, https:\/\/laplumedescimes.com\/wp-content\/uploads\/2024\/03\/Beige-Wedding-Photography-Price-List-Instagram-Post-10-768x768.png 768w, https:\/\/laplumedescimes.com\/wp-content\/uploads\/2024\/03\/Beige-Wedding-Photography-Price-List-Instagram-Post-10-1536x1536.png 1536w, https:\/\/laplumedescimes.com\/wp-content\/uploads\/2024\/03\/Beige-Wedding-Photography-Price-List-Instagram-Post-10-2048x2048.png 2048w\" sizes=\"auto, (max-width: 1024px) 100vw, 1024px\" \/><\/figure>\n<\/div>\n\n\n\n<div class=\"wp-block-column is-layout-flow wp-block-column-is-layout-flow\"><\/div>\n<\/div>\n\n\n\n<div class=\"wp-block-columns is-layout-flex wp-container-core-columns-is-layout-9d6595d7 wp-block-columns-is-layout-flex\">\n<div class=\"wp-block-column is-layout-flow wp-block-column-is-layout-flow\">\n<div class=\"wp-block-columns is-layout-flex wp-container-core-columns-is-layout-9d6595d7 wp-block-columns-is-layout-flex\">\n<div class=\"wp-block-column is-layout-flow wp-block-column-is-layout-flow\">\n<figure class=\"wp-block-image size-large\"><img loading=\"lazy\" decoding=\"async\" width=\"576\" height=\"1024\" src=\"https:\/\/laplumedescimes.com\/wp-content\/uploads\/2024\/11\/Tarifs-1-1-576x1024.jpg\" alt=\"\" class=\"wp-image-490\" srcset=\"https:\/\/laplumedescimes.com\/wp-content\/uploads\/2024\/11\/Tarifs-1-1-576x1024.jpg 576w, https:\/\/laplumedescimes.com\/wp-content\/uploads\/2024\/11\/Tarifs-1-1-169x300.jpg 169w, https:\/\/laplumedescimes.com\/wp-content\/uploads\/2024\/11\/Tarifs-1-1-768x1365.jpg 768w, https:\/\/laplumedescimes.com\/wp-content\/uploads\/2024\/11\/Tarifs-1-1-864x1536.jpg 864w, https:\/\/laplumedescimes.com\/wp-content\/uploads\/2024\/11\/Tarifs-1-1.jpg 1080w\" sizes=\"auto, (max-width: 576px) 100vw, 576px\" \/><\/figure>\n<\/div>\n\n\n\n<div class=\"wp-block-column is-layout-flow wp-block-column-is-layout-flow\">\n<figure class=\"wp-block-image size-large\"><img loading=\"lazy\" decoding=\"async\" width=\"576\" height=\"1024\" src=\"https:\/\/laplumedescimes.com\/wp-content\/uploads\/2024\/11\/Tarifs-3-576x1024.jpg\" alt=\"\" class=\"wp-image-491\" srcset=\"https:\/\/laplumedescimes.com\/wp-content\/uploads\/2024\/11\/Tarifs-3-576x1024.jpg 576w, https:\/\/laplumedescimes.com\/wp-content\/uploads\/2024\/11\/Tarifs-3-169x300.jpg 169w, https:\/\/laplumedescimes.com\/wp-content\/uploads\/2024\/11\/Tarifs-3-768x1365.jpg 768w, https:\/\/laplumedescimes.com\/wp-content\/uploads\/2024\/11\/Tarifs-3-864x1536.jpg 864w, https:\/\/laplumedescimes.com\/wp-content\/uploads\/2024\/11\/Tarifs-3.jpg 1080w\" sizes=\"auto, (max-width: 576px) 100vw, 576px\" \/><\/figure>\n<\/div>\n\n\n\n<div class=\"wp-block-column is-layout-flow wp-block-column-is-layout-flow\">\n<figure class=\"wp-block-image size-large\"><img loading=\"lazy\" decoding=\"async\" width=\"576\" height=\"1024\" src=\"https:\/\/laplumedescimes.com\/wp-content\/uploads\/2024\/11\/Tarifs-4-576x1024.jpg\" alt=\"\" class=\"wp-image-492\" srcset=\"https:\/\/laplumedescimes.com\/wp-content\/uploads\/2024\/11\/Tarifs-4-576x1024.jpg 576w, https:\/\/laplumedescimes.com\/wp-content\/uploads\/2024\/11\/Tarifs-4-169x300.jpg 169w, https:\/\/laplumedescimes.com\/wp-content\/uploads\/2024\/11\/Tarifs-4-768x1365.jpg 768w, https:\/\/laplumedescimes.com\/wp-content\/uploads\/2024\/11\/Tarifs-4-864x1536.jpg 864w, https:\/\/laplumedescimes.com\/wp-content\/uploads\/2024\/11\/Tarifs-4.jpg 1080w\" sizes=\"auto, (max-width: 576px) 100vw, 576px\" \/><\/figure>\n<\/div>\n<\/div>\n<\/div>\n<\/div>\n\n\n\n<div class=\"wp-block-columns is-layout-flex wp-container-core-columns-is-layout-9d6595d7 wp-block-columns-is-layout-flex\">\n<div class=\"wp-block-column is-layout-flow wp-block-column-is-layout-flow\">\n<h2 class=\"wp-block-heading has-text-align-center\"><mark style=\"background-color:rgba(0, 0, 0, 0)\" class=\"has-inline-color has-sitetext-color\">Apr\u00e8s la S\u00e9ance<\/mark><\/h2>\n\n\n\n<p>Suite \u00e0 la s\u00e9ance, je t&#8217;enverrai une galerie avec les photos brutes. Un premier tri aura d\u00e9j\u00e0 \u00e9t\u00e9 fait. En fonction de ta formule, tu pourras choisir un certain nombre de photos.<\/p>\n\n\n\n<p>Une fois ta s\u00e9lection faite, tes photos pr\u00e9f\u00e9r\u00e9es seront retravaill\u00e9es avant un envoi d\u00e9finitif en haute qualit\u00e9.<\/p>\n\n\n\n<p>Bien s\u00fbr, rien ne t&#8217;emp\u00eache de revenir plus tard sur les photos et d&#8217;en recommander si certaines te tiennent particuli\u00e8rement \u00e0 c\u0153ur !<\/p>\n\n\n<div class=\"wp-block-image\">\n<figure class=\"aligncenter size-large is-resized\"><img loading=\"lazy\" decoding=\"async\" width=\"1024\" height=\"1024\" src=\"http:\/\/laplumedescimes.com\/wp-content\/uploads\/2024\/03\/Beige-Wedding-Photography-Price-List-Instagram-Post-12-1024x1024.png\" alt=\"\u00a9 La Plume des Cimes\" class=\"wp-image-291\" style=\"width:169px;height:auto\" srcset=\"https:\/\/laplumedescimes.com\/wp-content\/uploads\/2024\/03\/Beige-Wedding-Photography-Price-List-Instagram-Post-12-1024x1024.png 1024w, https:\/\/laplumedescimes.com\/wp-content\/uploads\/2024\/03\/Beige-Wedding-Photography-Price-List-Instagram-Post-12-300x300.png 300w, https:\/\/laplumedescimes.com\/wp-content\/uploads\/2024\/03\/Beige-Wedding-Photography-Price-List-Instagram-Post-12-150x150.png 150w, https:\/\/laplumedescimes.com\/wp-content\/uploads\/2024\/03\/Beige-Wedding-Photography-Price-List-Instagram-Post-12-768x768.png 768w, https:\/\/laplumedescimes.com\/wp-content\/uploads\/2024\/03\/Beige-Wedding-Photography-Price-List-Instagram-Post-12-1536x1536.png 1536w, https:\/\/laplumedescimes.com\/wp-content\/uploads\/2024\/03\/Beige-Wedding-Photography-Price-List-Instagram-Post-12-2048x2048.png 2048w\" sizes=\"auto, (max-width: 1024px) 100vw, 1024px\" \/><\/figure>\n<\/div>\n\n\n<div class=\"wp-block-group alignfull has-text-color has-background\" style=\"color:#000000;background-color:#ffffff\"><div class=\"wp-block-group__inner-container is-layout-flow wp-block-group-is-layout-flow\">\n<div class=\"wp-block-buttons is-horizontal is-content-justification-center is-layout-flex wp-container-core-buttons-is-layout-499968f5 wp-block-buttons-is-layout-flex\">\n<div class=\"wp-block-button has-custom-width wp-block-button__width-50\"><a class=\"wp-block-button__link has-text-color has-background wp-element-button\" style=\"border-radius:50px;color:#694d32;background-color:#d6bfa9\"><strong>R\u00e9serves Ta S\u00e9ance<\/strong><\/a><\/div>\n<\/div>\n\n\n\n<div style=\"height:64px\" aria-hidden=\"true\" class=\"wp-block-spacer\"><\/div>\n<\/div><\/div>\n<\/div>\n<\/div>\n\n\n\n<figure class=\"wp-block-gallery has-nested-images columns-default is-cropped wp-block-gallery-1 is-layout-flex wp-block-gallery-is-layout-flex\">\n<figure class=\"wp-block-image size-large\"><img loading=\"lazy\" decoding=\"async\" width=\"1024\" height=\"683\" data-id=\"216\" src=\"https:\/\/laplumedescimes.com\/wp-content\/uploads\/2024\/03\/IMG_2186-1024x683.jpg\" alt=\"Mathilde &amp; Copain \u00a9 La Plume des Cimes\" class=\"wp-image-216\" srcset=\"https:\/\/laplumedescimes.com\/wp-content\/uploads\/2024\/03\/IMG_2186-1024x683.jpg 1024w, https:\/\/laplumedescimes.com\/wp-content\/uploads\/2024\/03\/IMG_2186-300x200.jpg 300w, https:\/\/laplumedescimes.com\/wp-content\/uploads\/2024\/03\/IMG_2186-768x512.jpg 768w, https:\/\/laplumedescimes.com\/wp-content\/uploads\/2024\/03\/IMG_2186-1536x1024.jpg 1536w\" sizes=\"auto, (max-width: 1024px) 100vw, 1024px\" \/><\/figure>\n\n\n\n<figure class=\"wp-block-image size-large\"><img loading=\"lazy\" decoding=\"async\" width=\"1024\" height=\"683\" data-id=\"272\" src=\"https:\/\/laplumedescimes.com\/wp-content\/uploads\/2024\/03\/IMG_2129-1024x683.jpg\" alt=\"\" class=\"wp-image-272\" srcset=\"https:\/\/laplumedescimes.com\/wp-content\/uploads\/2024\/03\/IMG_2129-1024x683.jpg 1024w, https:\/\/laplumedescimes.com\/wp-content\/uploads\/2024\/03\/IMG_2129-300x200.jpg 300w, https:\/\/laplumedescimes.com\/wp-content\/uploads\/2024\/03\/IMG_2129-768x512.jpg 768w, https:\/\/laplumedescimes.com\/wp-content\/uploads\/2024\/03\/IMG_2129-1536x1024.jpg 1536w, https:\/\/laplumedescimes.com\/wp-content\/uploads\/2024\/03\/IMG_2129-2048x1365.jpg 2048w, https:\/\/laplumedescimes.com\/wp-content\/uploads\/2024\/03\/IMG_2129-421x281.jpg 421w\" sizes=\"auto, (max-width: 1024px) 100vw, 1024px\" \/><\/figure>\n<\/figure>\n\n\n\n<div style=\"height:36px\" aria-hidden=\"true\" class=\"wp-block-spacer\"><\/div>\n\n\n\n<div class=\"wp-block-columns is-layout-flex wp-container-core-columns-is-layout-9d6595d7 wp-block-columns-is-layout-flex\">\n<div class=\"wp-block-column is-layout-flow wp-block-column-is-layout-flow\"><div class=\"wp-block-image\">\n<figure class=\"aligncenter size-large is-resized\"><img loading=\"lazy\" decoding=\"async\" width=\"683\" height=\"1024\" src=\"http:\/\/laplumedescimes.com\/wp-content\/uploads\/2024\/05\/IMG_4412-683x1024.jpg\" alt=\"Honey, alaskan husky \u00a9La Plume des Cimes\" class=\"wp-image-327\" style=\"aspect-ratio:0.6666666666666666;object-fit:cover;width:393px;height:auto\" srcset=\"https:\/\/laplumedescimes.com\/wp-content\/uploads\/2024\/05\/IMG_4412-683x1024.jpg 683w, https:\/\/laplumedescimes.com\/wp-content\/uploads\/2024\/05\/IMG_4412-200x300.jpg 200w, https:\/\/laplumedescimes.com\/wp-content\/uploads\/2024\/05\/IMG_4412-768x1152.jpg 768w, https:\/\/laplumedescimes.com\/wp-content\/uploads\/2024\/05\/IMG_4412-1024x1536.jpg 1024w, https:\/\/laplumedescimes.com\/wp-content\/uploads\/2024\/05\/IMG_4412-scaled.jpg 1706w\" sizes=\"auto, (max-width: 683px) 100vw, 683px\" \/><\/figure>\n<\/div><\/div>\n\n\n\n<div class=\"wp-block-column is-layout-flow wp-block-column-is-layout-flow\"><div class=\"wp-block-image\">\n<figure class=\"aligncenter size-large is-resized\"><img loading=\"lazy\" decoding=\"async\" width=\"683\" height=\"1024\" src=\"http:\/\/laplumedescimes.com\/wp-content\/uploads\/2024\/05\/IMG_4464-683x1024.jpg\" alt=\"Honey, alaskan husky \u00a9La Plume des Cimes\" class=\"wp-image-329\" style=\"aspect-ratio:0.6666666666666666;object-fit:cover;width:393px;height:auto\" srcset=\"https:\/\/laplumedescimes.com\/wp-content\/uploads\/2024\/05\/IMG_4464-683x1024.jpg 683w, https:\/\/laplumedescimes.com\/wp-content\/uploads\/2024\/05\/IMG_4464-200x300.jpg 200w, https:\/\/laplumedescimes.com\/wp-content\/uploads\/2024\/05\/IMG_4464-768x1152.jpg 768w, https:\/\/laplumedescimes.com\/wp-content\/uploads\/2024\/05\/IMG_4464-1024x1536.jpg 1024w, https:\/\/laplumedescimes.com\/wp-content\/uploads\/2024\/05\/IMG_4464-scaled.jpg 1707w\" sizes=\"auto, (max-width: 683px) 100vw, 683px\" \/><\/figure>\n<\/div><\/div>\n<\/div>\n\n\n\n<div style=\"height:36px\" aria-hidden=\"true\" class=\"wp-block-spacer\"><\/div>\n\n\n\n<div class=\"wp-block-columns is-layout-flex wp-container-core-columns-is-layout-9d6595d7 wp-block-columns-is-layout-flex\">\n<div class=\"wp-block-column is-layout-flow wp-block-column-is-layout-flow\"><div class=\"wp-block-image\">\n<figure class=\"aligncenter size-large is-resized\"><img loading=\"lazy\" decoding=\"async\" width=\"683\" height=\"1024\" src=\"https:\/\/laplumedescimes.com\/wp-content\/uploads\/2024\/05\/441991924_3656552537920555_3630778305137235366_n-683x1024.jpg\" alt=\"\" class=\"wp-image-387\" style=\"width:402px;height:auto\" srcset=\"https:\/\/laplumedescimes.com\/wp-content\/uploads\/2024\/05\/441991924_3656552537920555_3630778305137235366_n-683x1024.jpg 683w, https:\/\/laplumedescimes.com\/wp-content\/uploads\/2024\/05\/441991924_3656552537920555_3630778305137235366_n-200x300.jpg 200w, https:\/\/laplumedescimes.com\/wp-content\/uploads\/2024\/05\/441991924_3656552537920555_3630778305137235366_n-768x1152.jpg 768w, https:\/\/laplumedescimes.com\/wp-content\/uploads\/2024\/05\/441991924_3656552537920555_3630778305137235366_n-1024x1536.jpg 1024w, https:\/\/laplumedescimes.com\/wp-content\/uploads\/2024\/05\/441991924_3656552537920555_3630778305137235366_n.jpg 1365w\" sizes=\"auto, (max-width: 683px) 100vw, 683px\" \/><\/figure>\n<\/div><\/div>\n\n\n\n<div class=\"wp-block-column is-layout-flow wp-block-column-is-layout-flow\"><div class=\"wp-block-image\">\n<figure class=\"aligncenter size-large is-resized\"><img loading=\"lazy\" decoding=\"async\" width=\"683\" height=\"1024\" src=\"https:\/\/laplumedescimes.com\/wp-content\/uploads\/2024\/05\/444776634_425793447075097_6299708738059934620_n-683x1024.jpg\" alt=\"\" class=\"wp-image-388\" style=\"width:402px;height:auto\" srcset=\"https:\/\/laplumedescimes.com\/wp-content\/uploads\/2024\/05\/444776634_425793447075097_6299708738059934620_n-683x1024.jpg 683w, https:\/\/laplumedescimes.com\/wp-content\/uploads\/2024\/05\/444776634_425793447075097_6299708738059934620_n-200x300.jpg 200w, https:\/\/laplumedescimes.com\/wp-content\/uploads\/2024\/05\/444776634_425793447075097_6299708738059934620_n-768x1152.jpg 768w, https:\/\/laplumedescimes.com\/wp-content\/uploads\/2024\/05\/444776634_425793447075097_6299708738059934620_n-1024x1536.jpg 1024w, https:\/\/laplumedescimes.com\/wp-content\/uploads\/2024\/05\/444776634_425793447075097_6299708738059934620_n.jpg 1365w\" sizes=\"auto, (max-width: 683px) 100vw, 683px\" \/><\/figure>\n<\/div><\/div>\n<\/div>\n\n\n\n<div style=\"height:36px\" aria-hidden=\"true\" class=\"wp-block-spacer\"><\/div>\n\n\n\n<figure class=\"wp-block-gallery has-nested-images columns-default is-cropped wp-block-gallery-2 is-layout-flex wp-block-gallery-is-layout-flex\">\n<figure class=\"wp-block-image size-large\"><img loading=\"lazy\" decoding=\"async\" width=\"1024\" height=\"683\" data-id=\"312\" src=\"http:\/\/laplumedescimes.com\/wp-content\/uploads\/2024\/04\/IMG_3806-1024x683.jpg\" alt=\"Lola x Arezzo \u00a9 La Plume des Cimes\" class=\"wp-image-312\" srcset=\"https:\/\/laplumedescimes.com\/wp-content\/uploads\/2024\/04\/IMG_3806-1024x683.jpg 1024w, https:\/\/laplumedescimes.com\/wp-content\/uploads\/2024\/04\/IMG_3806-300x200.jpg 300w, https:\/\/laplumedescimes.com\/wp-content\/uploads\/2024\/04\/IMG_3806-768x512.jpg 768w\" sizes=\"auto, (max-width: 1024px) 100vw, 1024px\" \/><\/figure>\n\n\n\n<figure class=\"wp-block-image size-large is-style-default\"><img loading=\"lazy\" decoding=\"async\" width=\"1024\" height=\"683\" data-id=\"314\" src=\"http:\/\/laplumedescimes.com\/wp-content\/uploads\/2024\/04\/IMG_4053-ok-1024x683.jpg\" alt=\"Lola x Arezzo \u00a9 La Plume des Cimes\" class=\"wp-image-314\" srcset=\"https:\/\/laplumedescimes.com\/wp-content\/uploads\/2024\/04\/IMG_4053-ok-1024x683.jpg 1024w, https:\/\/laplumedescimes.com\/wp-content\/uploads\/2024\/04\/IMG_4053-ok-300x200.jpg 300w, https:\/\/laplumedescimes.com\/wp-content\/uploads\/2024\/04\/IMG_4053-ok-768x512.jpg 768w, https:\/\/laplumedescimes.com\/wp-content\/uploads\/2024\/04\/IMG_4053-ok-1536x1024.jpg 1536w\" sizes=\"auto, (max-width: 1024px) 100vw, 1024px\" \/><\/figure>\n<\/figure>\n\n\n\n<div style=\"height:36px\" aria-hidden=\"true\" class=\"wp-block-spacer\"><\/div>\n\n\n\n<figure class=\"wp-block-gallery has-nested-images columns-default is-cropped wp-block-gallery-3 is-layout-flex wp-block-gallery-is-layout-flex\">\n<figure class=\"wp-block-image size-large\"><img loading=\"lazy\" decoding=\"async\" width=\"1024\" height=\"683\" data-id=\"461\" src=\"https:\/\/laplumedescimes.com\/wp-content\/uploads\/2024\/08\/IMG_5878-1024x683.jpg\" alt=\"Arya \u00a9 La Plume des Cimes\" class=\"wp-image-461\" srcset=\"https:\/\/laplumedescimes.com\/wp-content\/uploads\/2024\/08\/IMG_5878-1024x683.jpg 1024w, https:\/\/laplumedescimes.com\/wp-content\/uploads\/2024\/08\/IMG_5878-300x200.jpg 300w, https:\/\/laplumedescimes.com\/wp-content\/uploads\/2024\/08\/IMG_5878-768x512.jpg 768w, https:\/\/laplumedescimes.com\/wp-content\/uploads\/2024\/08\/IMG_5878-1536x1024.jpg 1536w, https:\/\/laplumedescimes.com\/wp-content\/uploads\/2024\/08\/IMG_5878-450x300.jpg 450w, https:\/\/laplumedescimes.com\/wp-content\/uploads\/2024\/08\/IMG_5878.jpg 2048w\" sizes=\"auto, (max-width: 1024px) 100vw, 1024px\" \/><\/figure>\n\n\n\n<figure class=\"wp-block-image size-large\"><img loading=\"lazy\" decoding=\"async\" width=\"1024\" height=\"683\" data-id=\"462\" src=\"https:\/\/laplumedescimes.com\/wp-content\/uploads\/2024\/08\/IMG_5902-1024x683.jpg\" alt=\"Urion \u00a9 La Plume des Cimes\" class=\"wp-image-462\" srcset=\"https:\/\/laplumedescimes.com\/wp-content\/uploads\/2024\/08\/IMG_5902-1024x683.jpg 1024w, https:\/\/laplumedescimes.com\/wp-content\/uploads\/2024\/08\/IMG_5902-300x200.jpg 300w, https:\/\/laplumedescimes.com\/wp-content\/uploads\/2024\/08\/IMG_5902-768x512.jpg 768w, https:\/\/laplumedescimes.com\/wp-content\/uploads\/2024\/08\/IMG_5902-1536x1024.jpg 1536w, https:\/\/laplumedescimes.com\/wp-content\/uploads\/2024\/08\/IMG_5902-450x300.jpg 450w, https:\/\/laplumedescimes.com\/wp-content\/uploads\/2024\/08\/IMG_5902.jpg 2048w\" sizes=\"auto, (max-width: 1024px) 100vw, 1024px\" \/><\/figure>\n<\/figure>\n","protected":false},"excerpt":{"rendered":"<p>S\u00e9ances photos Si :\u2728 Tu es un amoureux des animaux et que tu en as un ou plusieurs (chien, chat, cheval ou autre)\u2728 Ton animal &hellip;<\/p>\n","protected":false},"author":1,"featured_media":496,"parent":10,"menu_order":0,"comment_status":"closed","ping_status":"closed","template":"","meta":{"om_disable_all_campaigns":false,"_monsterinsights_skip_tracking":false,"_monsterinsights_sitenote_active":false,"_monsterinsights_sitenote_note":"","_monsterinsights_sitenote_category":0,"_uf_show_specific_survey":0,"_uf_disable_surveys":false,"footnotes":""},"class_list":["post-215","page","type-page","status-publish","has-post-thumbnail","hentry"],"aioseo_notices":[],"_links":{"self":[{"href":"https:\/\/laplumedescimes.com\/index.php\/wp-json\/wp\/v2\/pages\/215","targetHints":{"allow":["GET"]}}],"collection":[{"href":"https:\/\/laplumedescimes.com\/index.php\/wp-json\/wp\/v2\/pages"}],"about":[{"href":"https:\/\/laplumedescimes.com\/index.php\/wp-json\/wp\/v2\/types\/page"}],"author":[{"embeddable":true,"href":"https:\/\/laplumedescimes.com\/index.php\/wp-json\/wp\/v2\/users\/1"}],"replies":[{"embeddable":true,"href":"https:\/\/laplumedescimes.com\/index.php\/wp-json\/wp\/v2\/comments?post=215"}],"version-history":[{"count":65,"href":"https:\/\/laplumedescimes.com\/index.php\/wp-json\/wp\/v2\/pages\/215\/revisions"}],"predecessor-version":[{"id":500,"href":"https:\/\/laplumedescimes.com\/index.php\/wp-json\/wp\/v2\/pages\/215\/revisions\/500"}],"up":[{"embeddable":true,"href":"https:\/\/laplumedescimes.com\/index.php\/wp-json\/wp\/v2\/pages\/10"}],"wp:featuredmedia":[{"embeddable":true,"href":"https:\/\/laplumedescimes.com\/index.php\/wp-json\/wp\/v2\/media\/496"}],"wp:attachment":[{"href":"https:\/\/laplumedescimes.com\/index.php\/wp-json\/wp\/v2\/media?parent=215"}],"curies":[{"name":"wp","href":"https:\/\/api.w.org\/{rel}","templated":true}]}}