{"id":118,"date":"2024-02-20T20:55:50","date_gmt":"2024-02-20T19:55:50","guid":{"rendered":"https:\/\/laplumedescimes.com\/?page_id=118"},"modified":"2024-03-24T13:31:31","modified_gmt":"2024-03-24T12:31:31","slug":"domaines-dexpertise","status":"publish","type":"page","link":"https:\/\/laplumedescimes.com\/index.php\/redaction\/domaines-dexpertise\/","title":{"rendered":"Domaines d&#8217;expertise"},"content":{"rendered":"\n<h2 class=\"wp-block-heading\"><mark style=\"background-color:rgba(0, 0, 0, 0)\" class=\"has-inline-color has-accent-1-color\">Mes sujets de pr\u00e9dilection<\/mark><\/h2>\n\n\n\n<p class=\"has-normal-font-size\">Si de nombreux sujets m&#8217;int\u00e9ressent dans la r\u00e9daction, je vous propose de d\u00e9couvrir ceux qui m&#8217;attirent tout particuli\u00e8rement :<\/p>\n\n\n\n<p class=\"has-normal-font-size\">\ud83c\udf0d Les voyages : d\u00e9couvrir de nouveaux pays et s&#8217;initier \u00e0 la culture locale est toujours l&#8217;occasion de grandir humainement parlant. Parmi les pays qui m&#8217;ont le plus marqu\u00e9e, on retrouve l&#8217;Italie, la Slov\u00e9nie ou encore l&#8217;Irlande.<\/p>\n\n\n<div class=\"wp-block-image\">\n<figure class=\"aligncenter size-large is-resized\"><img loading=\"lazy\" decoding=\"async\" width=\"1024\" height=\"1024\" src=\"http:\/\/laplumedescimes.com\/wp-content\/uploads\/2024\/03\/Beige-Wedding-Photography-Price-List-Instagram-Post-12-1024x1024.png\" alt=\"\u00a9 La Plume des Cimes\" class=\"wp-image-291\" style=\"width:105px;height:auto\" srcset=\"https:\/\/laplumedescimes.com\/wp-content\/uploads\/2024\/03\/Beige-Wedding-Photography-Price-List-Instagram-Post-12-1024x1024.png 1024w, https:\/\/laplumedescimes.com\/wp-content\/uploads\/2024\/03\/Beige-Wedding-Photography-Price-List-Instagram-Post-12-300x300.png 300w, https:\/\/laplumedescimes.com\/wp-content\/uploads\/2024\/03\/Beige-Wedding-Photography-Price-List-Instagram-Post-12-150x150.png 150w, https:\/\/laplumedescimes.com\/wp-content\/uploads\/2024\/03\/Beige-Wedding-Photography-Price-List-Instagram-Post-12-768x768.png 768w, https:\/\/laplumedescimes.com\/wp-content\/uploads\/2024\/03\/Beige-Wedding-Photography-Price-List-Instagram-Post-12-1536x1536.png 1536w, https:\/\/laplumedescimes.com\/wp-content\/uploads\/2024\/03\/Beige-Wedding-Photography-Price-List-Instagram-Post-12-2048x2048.png 2048w\" sizes=\"auto, (max-width: 1024px) 100vw, 1024px\" \/><\/figure>\n<\/div>\n\n\n<p class=\"has-normal-font-size\"><br>\ud83c\udfd4\ufe0f Le tourisme : avec un Master de g\u00e9ographie sp\u00e9cialit\u00e9 &#8220;Tourisme Montagne Territoires&#8221; en poche, le tourisme dans sa globalit\u00e9 est un sujet que je ma\u00eetrise. Loin de me cantonner \u00e0 la d\u00e9finition la plus simple du mot &#8220;tourisme&#8221;, il est aujourd&#8217;hui important de prendre en compte les notions de durabilit\u00e9 et de tourisme 4 saisons.<\/p>\n\n\n<div class=\"wp-block-image\">\n<figure class=\"aligncenter size-large is-resized\"><img loading=\"lazy\" decoding=\"async\" width=\"1024\" height=\"1024\" src=\"http:\/\/laplumedescimes.com\/wp-content\/uploads\/2024\/03\/Beige-Wedding-Photography-Price-List-Instagram-Post-12-1024x1024.png\" alt=\"\u00a9 La Plume des Cimes\" class=\"wp-image-291\" style=\"width:105px;height:auto\" srcset=\"https:\/\/laplumedescimes.com\/wp-content\/uploads\/2024\/03\/Beige-Wedding-Photography-Price-List-Instagram-Post-12-1024x1024.png 1024w, https:\/\/laplumedescimes.com\/wp-content\/uploads\/2024\/03\/Beige-Wedding-Photography-Price-List-Instagram-Post-12-300x300.png 300w, https:\/\/laplumedescimes.com\/wp-content\/uploads\/2024\/03\/Beige-Wedding-Photography-Price-List-Instagram-Post-12-150x150.png 150w, https:\/\/laplumedescimes.com\/wp-content\/uploads\/2024\/03\/Beige-Wedding-Photography-Price-List-Instagram-Post-12-768x768.png 768w, https:\/\/laplumedescimes.com\/wp-content\/uploads\/2024\/03\/Beige-Wedding-Photography-Price-List-Instagram-Post-12-1536x1536.png 1536w, https:\/\/laplumedescimes.com\/wp-content\/uploads\/2024\/03\/Beige-Wedding-Photography-Price-List-Instagram-Post-12-2048x2048.png 2048w\" sizes=\"auto, (max-width: 1024px) 100vw, 1024px\" \/><\/figure>\n<\/div>\n\n\n<p class=\"has-normal-font-size\"><br>\ud83c\udfbf Le sport : \u00eatre bien dans sa t\u00eate et dans son corps passe aussi par la pratique d&#8217;une activit\u00e9 physique. Des valeurs qui m&#8217;ont \u00e9t\u00e9 inculqu\u00e9es d\u00e8s le plus jeune \u00e2ge, notamment par le biais de la natation. Aujourd&#8217;hui, je pratique le ski, la randonn\u00e9e et l&#8217;\u00e9quitation. Le sport, c&#8217;est mon dada !<\/p>\n\n\n<div class=\"wp-block-image\">\n<figure class=\"aligncenter size-large is-resized\"><img loading=\"lazy\" decoding=\"async\" width=\"1024\" height=\"1024\" src=\"http:\/\/laplumedescimes.com\/wp-content\/uploads\/2024\/03\/Beige-Wedding-Photography-Price-List-Instagram-Post-12-1024x1024.png\" alt=\"\u00a9 La Plume des Cimes\" class=\"wp-image-291\" style=\"width:105px;height:auto\" srcset=\"https:\/\/laplumedescimes.com\/wp-content\/uploads\/2024\/03\/Beige-Wedding-Photography-Price-List-Instagram-Post-12-1024x1024.png 1024w, https:\/\/laplumedescimes.com\/wp-content\/uploads\/2024\/03\/Beige-Wedding-Photography-Price-List-Instagram-Post-12-300x300.png 300w, https:\/\/laplumedescimes.com\/wp-content\/uploads\/2024\/03\/Beige-Wedding-Photography-Price-List-Instagram-Post-12-150x150.png 150w, https:\/\/laplumedescimes.com\/wp-content\/uploads\/2024\/03\/Beige-Wedding-Photography-Price-List-Instagram-Post-12-768x768.png 768w, https:\/\/laplumedescimes.com\/wp-content\/uploads\/2024\/03\/Beige-Wedding-Photography-Price-List-Instagram-Post-12-1536x1536.png 1536w, https:\/\/laplumedescimes.com\/wp-content\/uploads\/2024\/03\/Beige-Wedding-Photography-Price-List-Instagram-Post-12-2048x2048.png 2048w\" sizes=\"auto, (max-width: 1024px) 100vw, 1024px\" \/><\/figure>\n<\/div>\n\n\n<p class=\"has-normal-font-size\"><br>\ud83e\udda6 Les animaux : avec deux chats, un chien \u00e0 la maison et ayant \u0153uvr\u00e9 en faveur d&#8217;une association animale par le pass\u00e9, il n&#8217;est plus \u00e0 prouver que j&#8217;adore les animaux et que j&#8217;aime tout autant parler d&#8217;eux, ainsi que de leur bien-\u00eatre.<\/p>\n\n\n<div class=\"wp-block-image\">\n<figure class=\"aligncenter size-large is-resized\"><img loading=\"lazy\" decoding=\"async\" width=\"1024\" height=\"1024\" src=\"http:\/\/laplumedescimes.com\/wp-content\/uploads\/2024\/03\/Beige-Wedding-Photography-Price-List-Instagram-Post-12-1024x1024.png\" alt=\"\u00a9 La Plume des Cimes\" class=\"wp-image-291\" style=\"width:105px;height:auto\" srcset=\"https:\/\/laplumedescimes.com\/wp-content\/uploads\/2024\/03\/Beige-Wedding-Photography-Price-List-Instagram-Post-12-1024x1024.png 1024w, https:\/\/laplumedescimes.com\/wp-content\/uploads\/2024\/03\/Beige-Wedding-Photography-Price-List-Instagram-Post-12-300x300.png 300w, https:\/\/laplumedescimes.com\/wp-content\/uploads\/2024\/03\/Beige-Wedding-Photography-Price-List-Instagram-Post-12-150x150.png 150w, https:\/\/laplumedescimes.com\/wp-content\/uploads\/2024\/03\/Beige-Wedding-Photography-Price-List-Instagram-Post-12-768x768.png 768w, https:\/\/laplumedescimes.com\/wp-content\/uploads\/2024\/03\/Beige-Wedding-Photography-Price-List-Instagram-Post-12-1536x1536.png 1536w, https:\/\/laplumedescimes.com\/wp-content\/uploads\/2024\/03\/Beige-Wedding-Photography-Price-List-Instagram-Post-12-2048x2048.png 2048w\" sizes=\"auto, (max-width: 1024px) 100vw, 1024px\" \/><\/figure>\n<\/div>\n\n\n<p class=\"has-normal-font-size\"><br>\ud83d\udcda L&#8217;\u00e9ducation : d\u00e9tentrice d&#8217;un Master MEEF et issue d&#8217;une famille d&#8217;enseignants, tout ce qui \u00e0 trait \u00e0 l&#8217;\u00e9ducation me tient particuli\u00e8rement \u00e0   c\u0153ur. <\/p>\n\n\n<div class=\"wp-block-image\">\n<figure class=\"aligncenter size-large is-resized\"><img loading=\"lazy\" decoding=\"async\" width=\"1024\" height=\"1024\" src=\"http:\/\/laplumedescimes.com\/wp-content\/uploads\/2024\/03\/Beige-Wedding-Photography-Price-List-Instagram-Post-12-1024x1024.png\" alt=\"\u00a9 La Plume des Cimes\" class=\"wp-image-291\" style=\"width:105px;height:auto\" srcset=\"https:\/\/laplumedescimes.com\/wp-content\/uploads\/2024\/03\/Beige-Wedding-Photography-Price-List-Instagram-Post-12-1024x1024.png 1024w, https:\/\/laplumedescimes.com\/wp-content\/uploads\/2024\/03\/Beige-Wedding-Photography-Price-List-Instagram-Post-12-300x300.png 300w, https:\/\/laplumedescimes.com\/wp-content\/uploads\/2024\/03\/Beige-Wedding-Photography-Price-List-Instagram-Post-12-150x150.png 150w, https:\/\/laplumedescimes.com\/wp-content\/uploads\/2024\/03\/Beige-Wedding-Photography-Price-List-Instagram-Post-12-768x768.png 768w, https:\/\/laplumedescimes.com\/wp-content\/uploads\/2024\/03\/Beige-Wedding-Photography-Price-List-Instagram-Post-12-1536x1536.png 1536w, https:\/\/laplumedescimes.com\/wp-content\/uploads\/2024\/03\/Beige-Wedding-Photography-Price-List-Instagram-Post-12-2048x2048.png 2048w\" sizes=\"auto, (max-width: 1024px) 100vw, 1024px\" \/><\/figure>\n<\/div>\n\n\n<p class=\"has-normal-font-size\"><br>\ud83c\udf72 La gastronomie : recettes, bonnes adresses, bien manger est une chose tr\u00e8s importante dans ma famille. \u00c9crire sur ce sujet me plait donc tout particuli\u00e8rement, d&#8217;autant plus que la gourmandise n&#8217;est pas un si vilain d\u00e9faut !<\/p>\n","protected":false},"excerpt":{"rendered":"<p>Mes sujets de pr\u00e9dilection Si de nombreux sujets m&#8217;int\u00e9ressent dans la r\u00e9daction, je vous propose de d\u00e9couvrir ceux qui m&#8217;attirent tout particuli\u00e8rement : \ud83c\udf0d Les &hellip;<\/p>\n","protected":false},"author":1,"featured_media":82,"parent":67,"menu_order":0,"comment_status":"closed","ping_status":"closed","template":"","meta":{"om_disable_all_campaigns":false,"_monsterinsights_skip_tracking":false,"_monsterinsights_sitenote_active":false,"_monsterinsights_sitenote_note":"","_monsterinsights_sitenote_category":0,"_uf_show_specific_survey":0,"_uf_disable_surveys":false,"footnotes":""},"class_list":["post-118","page","type-page","status-publish","has-post-thumbnail","hentry"],"aioseo_notices":[],"_links":{"self":[{"href":"https:\/\/laplumedescimes.com\/index.php\/wp-json\/wp\/v2\/pages\/118","targetHints":{"allow":["GET"]}}],"collection":[{"href":"https:\/\/laplumedescimes.com\/index.php\/wp-json\/wp\/v2\/pages"}],"about":[{"href":"https:\/\/laplumedescimes.com\/index.php\/wp-json\/wp\/v2\/types\/page"}],"author":[{"embeddable":true,"href":"https:\/\/laplumedescimes.com\/index.php\/wp-json\/wp\/v2\/users\/1"}],"replies":[{"embeddable":true,"href":"https:\/\/laplumedescimes.com\/index.php\/wp-json\/wp\/v2\/comments?post=118"}],"version-history":[{"count":6,"href":"https:\/\/laplumedescimes.com\/index.php\/wp-json\/wp\/v2\/pages\/118\/revisions"}],"predecessor-version":[{"id":303,"href":"https:\/\/laplumedescimes.com\/index.php\/wp-json\/wp\/v2\/pages\/118\/revisions\/303"}],"up":[{"embeddable":true,"href":"https:\/\/laplumedescimes.com\/index.php\/wp-json\/wp\/v2\/pages\/67"}],"wp:featuredmedia":[{"embeddable":true,"href":"https:\/\/laplumedescimes.com\/index.php\/wp-json\/wp\/v2\/media\/82"}],"wp:attachment":[{"href":"https:\/\/laplumedescimes.com\/index.php\/wp-json\/wp\/v2\/media?parent=118"}],"curies":[{"name":"wp","href":"https:\/\/api.w.org\/{rel}","templated":true}]}}