{"id":11,"date":"2024-02-16T20:50:20","date_gmt":"2024-02-16T19:50:20","guid":{"rendered":"https:\/\/laplumedescimes.com\/?page_id=11"},"modified":"2024-03-24T13:32:43","modified_gmt":"2024-03-24T12:32:43","slug":"contact-2","status":"publish","type":"page","link":"https:\/\/laplumedescimes.com\/index.php\/contact-2\/","title":{"rendered":"Contact"},"content":{"rendered":"\n<p class=\"has-large-font-size\">Avant de nous lancer dans un projet commun, si on apprenait \u00e0 se conna\u00eetre un peu mieux ?<\/p>\n\n\n\n<div class=\"wp-block-columns is-layout-flex wp-container-core-columns-is-layout-9d6595d7 wp-block-columns-is-layout-flex\">\n<div class=\"wp-block-column is-layout-flow wp-block-column-is-layout-flow\">\n<figure class=\"wp-block-image size-large is-resized\"><img loading=\"lazy\" decoding=\"async\" width=\"683\" height=\"1024\" src=\"http:\/\/laplumedescimes.com\/wp-content\/uploads\/2024\/02\/IMG_4651-683x1024.jpg\" alt=\"La Plume des Cimes\" class=\"wp-image-30\" style=\"width:362px;height:auto\" srcset=\"https:\/\/laplumedescimes.com\/wp-content\/uploads\/2024\/02\/IMG_4651-683x1024.jpg 683w, https:\/\/laplumedescimes.com\/wp-content\/uploads\/2024\/02\/IMG_4651-200x300.jpg 200w, https:\/\/laplumedescimes.com\/wp-content\/uploads\/2024\/02\/IMG_4651-768x1152.jpg 768w, https:\/\/laplumedescimes.com\/wp-content\/uploads\/2024\/02\/IMG_4651-1024x1536.jpg 1024w, https:\/\/laplumedescimes.com\/wp-content\/uploads\/2024\/02\/IMG_4651-1365x2048.jpg 1365w, https:\/\/laplumedescimes.com\/wp-content\/uploads\/2024\/02\/IMG_4651-scaled.jpg 1707w\" sizes=\"auto, (max-width: 683px) 100vw, 683px\" \/><\/figure>\n<\/div>\n\n\n\n<div class=\"wp-block-column is-layout-flow wp-block-column-is-layout-flow\">\n<figure class=\"wp-block-image size-large is-resized\"><img loading=\"lazy\" decoding=\"async\" width=\"683\" height=\"1024\" src=\"http:\/\/laplumedescimes.com\/wp-content\/uploads\/2024\/02\/IMG_3299-683x1024.jpg\" alt=\"Tempo \u00a9La Plume des Cimes\" class=\"wp-image-56\" style=\"width:363px;height:auto\" srcset=\"https:\/\/laplumedescimes.com\/wp-content\/uploads\/2024\/02\/IMG_3299-683x1024.jpg 683w, https:\/\/laplumedescimes.com\/wp-content\/uploads\/2024\/02\/IMG_3299-200x300.jpg 200w, https:\/\/laplumedescimes.com\/wp-content\/uploads\/2024\/02\/IMG_3299-768x1152.jpg 768w, https:\/\/laplumedescimes.com\/wp-content\/uploads\/2024\/02\/IMG_3299-1024x1536.jpg 1024w, https:\/\/laplumedescimes.com\/wp-content\/uploads\/2024\/02\/IMG_3299-1365x2048.jpg 1365w, https:\/\/laplumedescimes.com\/wp-content\/uploads\/2024\/02\/IMG_3299-scaled.jpg 1706w\" sizes=\"auto, (max-width: 683px) 100vw, 683px\" \/><\/figure>\n<\/div>\n<\/div>\n\n\n\n<div class=\"wp-block-columns is-layout-flex wp-container-core-columns-is-layout-9d6595d7 wp-block-columns-is-layout-flex\">\n<div class=\"wp-block-column is-layout-flow wp-block-column-is-layout-flow\">\n<p class=\"has-black-color has-text-color has-medium-font-size\"><a href=\"#\">Mieux me conna\u00eetre<\/a><\/p>\n\n\n\n<p class=\"has-text-color\" style=\"color:#7a7a7a\">Issue d&#8217;une CPGE litt\u00e9raire et d\u00e9tentrice d&#8217;un Master de g\u00e9ographie sp\u00e9cialit\u00e9 &#8220;Tourisme Montagne Territoires&#8221;, la r\u00e9daction me suit depuis longtemps. J&#8217;ai notamment fait mes armes au Dauphin\u00e9 Lib\u00e9r\u00e9, durant 5 ann\u00e9es, avant travailler au sein d&#8217;une agence comme R\u00e9dactrice Web, puis en tant que Responsable d&#8217;un m\u00e9dia touristique.<br>La photographie prend \u00e9galement une place importante dans ma vie, puisque j&#8217;ai eu mon premier appareil photo \u00e0 8 ans.<\/p>\n<\/div>\n\n\n\n<div class=\"wp-block-column is-layout-flow wp-block-column-is-layout-flow\">\n<p class=\"has-black-color has-text-color has-medium-font-size\"><a href=\"#\">Mon compagnon de route<\/a><\/p>\n\n\n\n<p class=\"has-text-align-left has-text-color\" style=\"color:#7a7a7a\">Lui, c&#8217;est Tempo, un berger am\u00e9ricain rouge tricolore de bient\u00f4t 2 ans. Un petit clown toujours joyeux et qui sait transmettre sa bonne humeur par un tour, une l\u00e9chouille ou avec son regard charmeur. Un v\u00e9ritable compagnon de route, qui ne dit jamais non \u00e0 une balade et \u00e0 quelques&#8230; friandises !<\/p>\n<\/div>\n<\/div>\n\n\n<div class=\"wp-block-image\">\n<figure class=\"aligncenter size-large is-resized\"><img loading=\"lazy\" decoding=\"async\" width=\"1024\" height=\"1024\" src=\"http:\/\/laplumedescimes.com\/wp-content\/uploads\/2024\/03\/Beige-Wedding-Photography-Price-List-Instagram-Post-12-1024x1024.png\" alt=\"\u00a9 La Plume des Cimes\" class=\"wp-image-291\" style=\"width:192px;height:auto\" srcset=\"https:\/\/laplumedescimes.com\/wp-content\/uploads\/2024\/03\/Beige-Wedding-Photography-Price-List-Instagram-Post-12-1024x1024.png 1024w, https:\/\/laplumedescimes.com\/wp-content\/uploads\/2024\/03\/Beige-Wedding-Photography-Price-List-Instagram-Post-12-300x300.png 300w, https:\/\/laplumedescimes.com\/wp-content\/uploads\/2024\/03\/Beige-Wedding-Photography-Price-List-Instagram-Post-12-150x150.png 150w, https:\/\/laplumedescimes.com\/wp-content\/uploads\/2024\/03\/Beige-Wedding-Photography-Price-List-Instagram-Post-12-768x768.png 768w, https:\/\/laplumedescimes.com\/wp-content\/uploads\/2024\/03\/Beige-Wedding-Photography-Price-List-Instagram-Post-12-1536x1536.png 1536w, https:\/\/laplumedescimes.com\/wp-content\/uploads\/2024\/03\/Beige-Wedding-Photography-Price-List-Instagram-Post-12-2048x2048.png 2048w\" sizes=\"auto, (max-width: 1024px) 100vw, 1024px\" \/><\/figure>\n<\/div>\n\n\n<div class=\"wp-block-group\"><div class=\"wp-block-group__inner-container is-layout-constrained wp-block-group-is-layout-constrained\">\n<div class=\"wp-block-group\"><div class=\"wp-block-group__inner-container is-layout-constrained wp-block-group-is-layout-constrained\">\n<h2 class=\"wp-block-heading alignwide has-text-align-left has-large-font-size\"><mark style=\"background-color:rgba(0, 0, 0, 0)\" class=\"has-inline-color has-accent-2-color\">Et si on prenait contact ?<\/mark><\/h2>\n\n\n\n<p class=\"has-text-align-left\">Une question ? Un projet ? Une envie ?<br>Pour plus d&#8217;informations ou pour obtenir un devis, n&#8217;h\u00e9sitez pas \u00e0 me contacter par mail \u00e0 : <a href=\"mailto:laplumedescimes@outlook.fr\">laplumedescimes@outlook.fr<\/a>.<br>Nous pourrons ainsi \u00e9changer, de fa\u00e7on \u00e0 ce que je puisse vous proposer une prestation la mieux adapt\u00e9e \u00e0 vos besoins.<\/p>\n\n\n\n<p><br><\/p>\n<\/div><\/div>\n<\/div><\/div>\n\n\n\n<div class=\"wpcf7 no-js\" id=\"wpcf7-f301-o1\" lang=\"fr-FR\" dir=\"ltr\">\n<div class=\"screen-reader-response\"><p role=\"status\" aria-live=\"polite\" aria-atomic=\"true\"><\/p> <ul><\/ul><\/div>\n<form action=\"\/index.php\/wp-json\/wp\/v2\/pages\/11#wpcf7-f301-o1\" method=\"post\" class=\"wpcf7-form init\" aria-label=\"Formulaire de contact\" novalidate=\"novalidate\" data-status=\"init\">\n<div style=\"display: none;\">\n<input type=\"hidden\" name=\"_wpcf7\" value=\"301\" \/>\n<input type=\"hidden\" name=\"_wpcf7_version\" value=\"5.9.3\" \/>\n<input type=\"hidden\" name=\"_wpcf7_locale\" value=\"fr_FR\" \/>\n<input type=\"hidden\" name=\"_wpcf7_unit_tag\" value=\"wpcf7-f301-o1\" \/>\n<input type=\"hidden\" name=\"_wpcf7_container_post\" value=\"0\" \/>\n<input type=\"hidden\" name=\"_wpcf7_posted_data_hash\" value=\"\" \/>\n<\/div>\n<p><label> Votre nom<br \/>\n<span class=\"wpcf7-form-control-wrap\" data-name=\"your-name\"><input size=\"40\" class=\"wpcf7-form-control wpcf7-text wpcf7-validates-as-required\" autocomplete=\"name\" aria-required=\"true\" aria-invalid=\"false\" value=\"\" type=\"text\" name=\"your-name\" \/><\/span> <\/label>\n<\/p>\n<p><label> Votre e-mail<br \/>\n<span class=\"wpcf7-form-control-wrap\" data-name=\"your-email\"><input size=\"40\" class=\"wpcf7-form-control wpcf7-email wpcf7-validates-as-required wpcf7-text wpcf7-validates-as-email\" autocomplete=\"email\" aria-required=\"true\" aria-invalid=\"false\" value=\"\" type=\"email\" name=\"your-email\" \/><\/span> <\/label>\n<\/p>\n<p><label> Objet<br \/>\n<span class=\"wpcf7-form-control-wrap\" data-name=\"your-subject\"><input size=\"40\" class=\"wpcf7-form-control wpcf7-text wpcf7-validates-as-required\" aria-required=\"true\" aria-invalid=\"false\" value=\"\" type=\"text\" name=\"your-subject\" \/><\/span> <\/label>\n<\/p>\n<p><label> Votre message (facultatif)<br \/>\n<span class=\"wpcf7-form-control-wrap\" data-name=\"your-message\"><textarea cols=\"40\" rows=\"10\" class=\"wpcf7-form-control wpcf7-textarea\" aria-invalid=\"false\" name=\"your-message\"><\/textarea><\/span> <\/label>\n<\/p>\n<p><input class=\"wpcf7-form-control wpcf7-submit has-spinner\" type=\"submit\" value=\"Envoyer\" \/>\n<\/p><p style=\"display: none !important;\" class=\"akismet-fields-container\" data-prefix=\"_wpcf7_ak_\"><label>&#916;<textarea name=\"_wpcf7_ak_hp_textarea\" cols=\"45\" rows=\"8\" maxlength=\"100\"><\/textarea><\/label><input type=\"hidden\" id=\"ak_js_1\" name=\"_wpcf7_ak_js\" value=\"115\"\/><script>document.getElementById( \"ak_js_1\" ).setAttribute( \"value\", ( new Date() ).getTime() );<\/script><\/p><div class=\"wpcf7-response-output\" aria-hidden=\"true\"><\/div>\n<\/form>\n<\/div>\n\n\n\n\n<div class=\"wp-block-group alignfull has-background\" style=\"background-color:#f9f9f9\"><div class=\"wp-block-group__inner-container is-layout-constrained wp-block-group-is-layout-constrained\">\n<div class=\"wp-block-group\"><div class=\"wp-block-group__inner-container is-layout-flow wp-block-group-is-layout-flow\">\n<div style=\"height:69px\" aria-hidden=\"true\" class=\"wp-block-spacer\"><\/div>\n\n\n\n<div class=\"wp-block-columns is-layout-flex wp-container-core-columns-is-layout-9d6595d7 wp-block-columns-is-layout-flex\">\n<div class=\"wp-block-column is-layout-flow wp-block-column-is-layout-flow\">\n<p class=\"has-text-align-left has-text-color\" style=\"color:#0bb4aa\">O\u00f9 suis-je bas\u00e9e ?<\/p>\n\n\n\n<div class=\"wp-block-columns is-layout-flex wp-container-core-columns-is-layout-9d6595d7 wp-block-columns-is-layout-flex\">\n<div class=\"wp-block-column is-layout-flow wp-block-column-is-layout-flow\">\n<p style=\"line-height:2.5\">La Plume des Cimes se trouve dans les Alpes, au c\u0153ur de Savoie Mont Blanc. Entre lac et montagnes, ma micro-entreprise est bas\u00e9e \u00e0 quelques minutes d&#8217;Annecy.<\/p>\n<\/div>\n<\/div>\n<\/div>\n\n\n\n<div class=\"wp-block-column is-layout-flow wp-block-column-is-layout-flow\">\n<figure class=\"wp-block-image size-large\"><img decoding=\"async\" src=\"https:\/\/laplumedescimes.com\/wp-content\/themes\/inspiro\/assets\/images\/map.png\" alt=\"\" class=\"wp-image-5640\"\/><\/figure>\n<\/div>\n<\/div>\n\n\n\n<div style=\"height:52px\" aria-hidden=\"true\" class=\"wp-block-spacer\"><\/div>\n<\/div><\/div>\n<\/div><\/div>\n","protected":false},"excerpt":{"rendered":"<p>Avant de nous lancer dans un projet commun, si on apprenait \u00e0 se conna\u00eetre un peu mieux ? Mieux me conna\u00eetre Issue d&#8217;une CPGE litt\u00e9raire &hellip;<\/p>\n","protected":false},"author":1,"featured_media":14,"parent":0,"menu_order":0,"comment_status":"closed","ping_status":"closed","template":"","meta":{"om_disable_all_campaigns":false,"_monsterinsights_skip_tracking":false,"_monsterinsights_sitenote_active":false,"_monsterinsights_sitenote_note":"","_monsterinsights_sitenote_category":0,"_uf_show_specific_survey":0,"_uf_disable_surveys":false,"footnotes":""},"class_list":["post-11","page","type-page","status-publish","has-post-thumbnail","hentry"],"aioseo_notices":[],"_links":{"self":[{"href":"https:\/\/laplumedescimes.com\/index.php\/wp-json\/wp\/v2\/pages\/11","targetHints":{"allow":["GET"]}}],"collection":[{"href":"https:\/\/laplumedescimes.com\/index.php\/wp-json\/wp\/v2\/pages"}],"about":[{"href":"https:\/\/laplumedescimes.com\/index.php\/wp-json\/wp\/v2\/types\/page"}],"author":[{"embeddable":true,"href":"https:\/\/laplumedescimes.com\/index.php\/wp-json\/wp\/v2\/users\/1"}],"replies":[{"embeddable":true,"href":"https:\/\/laplumedescimes.com\/index.php\/wp-json\/wp\/v2\/comments?post=11"}],"version-history":[{"count":12,"href":"https:\/\/laplumedescimes.com\/index.php\/wp-json\/wp\/v2\/pages\/11\/revisions"}],"predecessor-version":[{"id":304,"href":"https:\/\/laplumedescimes.com\/index.php\/wp-json\/wp\/v2\/pages\/11\/revisions\/304"}],"wp:featuredmedia":[{"embeddable":true,"href":"https:\/\/laplumedescimes.com\/index.php\/wp-json\/wp\/v2\/media\/14"}],"wp:attachment":[{"href":"https:\/\/laplumedescimes.com\/index.php\/wp-json\/wp\/v2\/media?parent=11"}],"curies":[{"name":"wp","href":"https:\/\/api.w.org\/{rel}","templated":true}]}}