{"id":10,"date":"2024-02-16T20:50:20","date_gmt":"2024-02-16T19:50:20","guid":{"rendered":"https:\/\/laplumedescimes.com\/?page_id=10"},"modified":"2024-09-19T14:31:20","modified_gmt":"2024-09-19T12:31:20","slug":"about","status":"publish","type":"page","link":"https:\/\/laplumedescimes.com\/index.php\/about\/","title":{"rendered":"Photographie"},"content":{"rendered":"\n<h2 class=\"wp-block-heading has-large-font-size\">Pourquoi la photographie ?<\/h2>\n\n\n\n<p>\u00c0 l&#8217;\u00e2ge de 8 ans, mes parents m&#8217;offraient mon premier appareil photo. Depuis, plusieurs mod\u00e8les se sont succ\u00e9d\u00e9s, mais mes appareils photos ont toujours \u00e9t\u00e9 rang\u00e9s bien soigneusement dans mon sac \u00e0 dos lors de mes voyages et de mes balades. Car ils sont bel et bien le meilleur moyen de cr\u00e9er des <strong>souvenirs<\/strong> \u00e0 mes yeux.<\/p>\n\n\n\n<p>Aujourd&#8217;hui, je photographie avec un Canon 90D et deux objectifs : un <strong>18-135 mm<\/strong> et un <strong>70-200 mm<\/strong>.<\/p>\n\n\n\n<p class=\"has-large-font-size\">&gt; <a href=\"https:\/\/laplumedescimes.com\/index.php\/photographie-de-paysages\/\">La photographie de paysage<\/a><\/p>\n\n\n\n<p class=\"has-large-font-size\">&gt; <a href=\"https:\/\/laplumedescimes.com\/index.php\/photographie-animaliere\/\">La photographie animali\u00e8re<\/a><\/p>\n\n\n\n<p class=\"has-large-font-size\">&gt; <a href=\"https:\/\/laplumedescimes.com\/index.php\/votre-animal-vous\/\">Prestations<\/a><\/p>\n\n\n\n<figure class=\"wp-block-gallery has-nested-images columns-default is-cropped wp-block-gallery-1 is-layout-flex wp-block-gallery-is-layout-flex\">\n<figure class=\"wp-block-image size-large\"><img loading=\"lazy\" decoding=\"async\" width=\"1024\" height=\"1024\" data-id=\"478\" src=\"https:\/\/laplumedescimes.com\/wp-content\/uploads\/2024\/09\/1-1-1024x1024.jpg\" alt=\"\" class=\"wp-image-478\" srcset=\"https:\/\/laplumedescimes.com\/wp-content\/uploads\/2024\/09\/1-1-1024x1024.jpg 1024w, https:\/\/laplumedescimes.com\/wp-content\/uploads\/2024\/09\/1-1-300x300.jpg 300w, https:\/\/laplumedescimes.com\/wp-content\/uploads\/2024\/09\/1-1-150x150.jpg 150w, https:\/\/laplumedescimes.com\/wp-content\/uploads\/2024\/09\/1-1-768x768.jpg 768w, https:\/\/laplumedescimes.com\/wp-content\/uploads\/2024\/09\/1-1.jpg 1080w\" sizes=\"auto, (max-width: 1024px) 100vw, 1024px\" \/><\/figure>\n\n\n\n<figure class=\"wp-block-image size-large\"><img loading=\"lazy\" decoding=\"async\" width=\"1024\" height=\"1024\" data-id=\"480\" src=\"https:\/\/laplumedescimes.com\/wp-content\/uploads\/2024\/09\/2-1-1024x1024.jpg\" alt=\"\" class=\"wp-image-480\" srcset=\"https:\/\/laplumedescimes.com\/wp-content\/uploads\/2024\/09\/2-1-1024x1024.jpg 1024w, https:\/\/laplumedescimes.com\/wp-content\/uploads\/2024\/09\/2-1-300x300.jpg 300w, https:\/\/laplumedescimes.com\/wp-content\/uploads\/2024\/09\/2-1-150x150.jpg 150w, https:\/\/laplumedescimes.com\/wp-content\/uploads\/2024\/09\/2-1-768x768.jpg 768w, https:\/\/laplumedescimes.com\/wp-content\/uploads\/2024\/09\/2-1.jpg 1080w\" sizes=\"auto, (max-width: 1024px) 100vw, 1024px\" \/><\/figure>\n\n\n\n<figure class=\"wp-block-image size-large\"><img loading=\"lazy\" decoding=\"async\" width=\"1024\" height=\"1024\" data-id=\"477\" src=\"https:\/\/laplumedescimes.com\/wp-content\/uploads\/2024\/09\/3-1-1024x1024.jpg\" alt=\"\" class=\"wp-image-477\" srcset=\"https:\/\/laplumedescimes.com\/wp-content\/uploads\/2024\/09\/3-1-1024x1024.jpg 1024w, https:\/\/laplumedescimes.com\/wp-content\/uploads\/2024\/09\/3-1-300x300.jpg 300w, https:\/\/laplumedescimes.com\/wp-content\/uploads\/2024\/09\/3-1-150x150.jpg 150w, https:\/\/laplumedescimes.com\/wp-content\/uploads\/2024\/09\/3-1-768x768.jpg 768w, https:\/\/laplumedescimes.com\/wp-content\/uploads\/2024\/09\/3-1.jpg 1080w\" sizes=\"auto, (max-width: 1024px) 100vw, 1024px\" \/><\/figure>\n\n\n\n<figure class=\"wp-block-image size-large\"><img loading=\"lazy\" decoding=\"async\" width=\"1024\" height=\"1024\" data-id=\"481\" src=\"https:\/\/laplumedescimes.com\/wp-content\/uploads\/2024\/09\/4-1-1024x1024.jpg\" alt=\"\" class=\"wp-image-481\" srcset=\"https:\/\/laplumedescimes.com\/wp-content\/uploads\/2024\/09\/4-1-1024x1024.jpg 1024w, https:\/\/laplumedescimes.com\/wp-content\/uploads\/2024\/09\/4-1-300x300.jpg 300w, https:\/\/laplumedescimes.com\/wp-content\/uploads\/2024\/09\/4-1-150x150.jpg 150w, https:\/\/laplumedescimes.com\/wp-content\/uploads\/2024\/09\/4-1-768x768.jpg 768w, https:\/\/laplumedescimes.com\/wp-content\/uploads\/2024\/09\/4-1.jpg 1080w\" sizes=\"auto, (max-width: 1024px) 100vw, 1024px\" \/><\/figure>\n\n\n\n<figure class=\"wp-block-image size-large\"><img loading=\"lazy\" decoding=\"async\" width=\"1024\" height=\"1024\" data-id=\"479\" src=\"https:\/\/laplumedescimes.com\/wp-content\/uploads\/2024\/09\/5-1-1024x1024.jpg\" alt=\"\" class=\"wp-image-479\" srcset=\"https:\/\/laplumedescimes.com\/wp-content\/uploads\/2024\/09\/5-1-1024x1024.jpg 1024w, https:\/\/laplumedescimes.com\/wp-content\/uploads\/2024\/09\/5-1-300x300.jpg 300w, https:\/\/laplumedescimes.com\/wp-content\/uploads\/2024\/09\/5-1-150x150.jpg 150w, https:\/\/laplumedescimes.com\/wp-content\/uploads\/2024\/09\/5-1-768x768.jpg 768w, https:\/\/laplumedescimes.com\/wp-content\/uploads\/2024\/09\/5-1.jpg 1080w\" sizes=\"auto, (max-width: 1024px) 100vw, 1024px\" \/><\/figure>\n<\/figure>\n","protected":false},"excerpt":{"rendered":"<p>Pourquoi la photographie ? \u00c0 l&#8217;\u00e2ge de 8 ans, mes parents m&#8217;offraient mon premier appareil photo. Depuis, plusieurs mod\u00e8les se sont succ\u00e9d\u00e9s, mais mes appareils &hellip;<\/p>\n","protected":false},"author":1,"featured_media":59,"parent":0,"menu_order":0,"comment_status":"closed","ping_status":"closed","template":"","meta":{"om_disable_all_campaigns":false,"_monsterinsights_skip_tracking":false,"_monsterinsights_sitenote_active":false,"_monsterinsights_sitenote_note":"","_monsterinsights_sitenote_category":0,"_uf_show_specific_survey":0,"_uf_disable_surveys":false,"footnotes":""},"class_list":["post-10","page","type-page","status-publish","has-post-thumbnail","hentry"],"aioseo_notices":[],"_links":{"self":[{"href":"https:\/\/laplumedescimes.com\/index.php\/wp-json\/wp\/v2\/pages\/10","targetHints":{"allow":["GET"]}}],"collection":[{"href":"https:\/\/laplumedescimes.com\/index.php\/wp-json\/wp\/v2\/pages"}],"about":[{"href":"https:\/\/laplumedescimes.com\/index.php\/wp-json\/wp\/v2\/types\/page"}],"author":[{"embeddable":true,"href":"https:\/\/laplumedescimes.com\/index.php\/wp-json\/wp\/v2\/users\/1"}],"replies":[{"embeddable":true,"href":"https:\/\/laplumedescimes.com\/index.php\/wp-json\/wp\/v2\/comments?post=10"}],"version-history":[{"count":16,"href":"https:\/\/laplumedescimes.com\/index.php\/wp-json\/wp\/v2\/pages\/10\/revisions"}],"predecessor-version":[{"id":482,"href":"https:\/\/laplumedescimes.com\/index.php\/wp-json\/wp\/v2\/pages\/10\/revisions\/482"}],"wp:featuredmedia":[{"embeddable":true,"href":"https:\/\/laplumedescimes.com\/index.php\/wp-json\/wp\/v2\/media\/59"}],"wp:attachment":[{"href":"https:\/\/laplumedescimes.com\/index.php\/wp-json\/wp\/v2\/media?parent=10"}],"curies":[{"name":"wp","href":"https:\/\/api.w.org\/{rel}","templated":true}]}}